{"id":103,"date":"2023-08-08T21:35:56","date_gmt":"2023-08-08T21:35:56","guid":{"rendered":"https:\/\/wieso.ist\/?page_id=103"},"modified":"2023-08-09T22:22:47","modified_gmt":"2023-08-09T22:22:47","slug":"chatbot-express","status":"publish","type":"page","link":"https:\/\/wieso.ist\/index.php\/chatbot-express\/","title":{"rendered":"Es gibt verschiedene Gr\u00fcnde !"},"content":{"rendered":"\n<blockquote class=\"wp-block-quote has-theme-palette-8-color has-theme-palette-3-background-color has-text-color has-background is-layout-flow wp-block-quote-is-layout-flow\">\n<p><\/p>\n<\/blockquote>\n\n\n\n<h5 class=\"wp-block-heading has-theme-palette-3-color has-theme-palette-8-background-color has-text-color has-background\"><a href=\"https:\/\/chatbot.express\">Chatbot.express meint:<\/a><\/h5>\n\n\n\n<blockquote class=\"wp-block-quote has-theme-palette-9-color has-theme-palette-3-background-color has-text-color has-background is-layout-flow wp-block-quote-is-layout-flow\">\n<p>Der Sperling kann als Vogel manchmal als aggressiv und \u00e4ngstlich wahrgenommen werden, jedoch variiert das Verhalten von Spatz zu Spatz. <\/p>\n\n\n\n<p>Es gibt mehrere Gr\u00fcnde, die zu dieser Wahrnehmung f\u00fchren k\u00f6nnten:<\/p>\n\n\n\n<ol>\n<li>Territoriales Verhalten: Sperlinge sind territorial und verteidigen ihr Revier aggressiv gegen andere V\u00f6gel, die als Eindringlinge angesehen werden.<\/li>\n\n\n\n<li>Nist- und Brutverhalten: W\u00e4hrend der Brutzeit k\u00f6nnen Sperlinge aggressiv gegen\u00fcber anderen V\u00f6geln sein, um ihre Brut zu sch\u00fctzen.<\/li>\n\n\n\n<li>\u00dcberlebensinstinkt: Als kleine V\u00f6gel sind Sperlinge oft Beute f\u00fcr gr\u00f6\u00dfere Arten. Sie k\u00f6nnen daher \u00e4ngstlich reagieren, um potenzielle Gefahren zu vermeiden.<\/li>\n\n\n\n<li>Mangel an Gew\u00f6hnung: In einigen F\u00e4llen k\u00f6nnen Sperlinge \u00e4ngstlich sein, wenn sie nicht an die N\u00e4he des Menschen gew\u00f6hnt sind und daher als Bedrohung empfunden werden.<\/li>\n<\/ol>\n\n\n\n<p>Es ist wichtig zu beachten, dass nicht alle Sperlinge dieses Verhalten zeigen. Einige Sperlinge k\u00f6nnen zahm und weniger aggressiv oder \u00e4ngstlich sein, insbesondere wenn sie an die Anwesenheit des Menschen gew\u00f6hnt sind.<\/p>\n<\/blockquote>\n\n\n\n<p class=\"has-theme-palette-9-color has-theme-palette-1-background-color has-text-color has-background has-small-font-size\">Es ist wichtig, V\u00f6gel, einschlie\u00dflich Spatzen, mit Respekt zu behandeln und ihre nat\u00fcrlichen Verhaltensweisen zu respektieren. Wenn man V\u00f6geln ungewollt Angst macht oder st\u00f6rt, k\u00f6nnte dies zu aggressivem Verhalten f\u00fchren.<\/p>\n","protected":false},"excerpt":{"rendered":"<p>Chatbot.express meint: Es ist wichtig, V\u00f6gel, einschlie\u00dflich Spatzen, mit Respekt zu behandeln und ihre nat\u00fcrlichen Verhaltensweisen zu respektieren. Wenn man V\u00f6geln ungewollt Angst macht oder st\u00f6rt, k\u00f6nnte dies zu aggressivem Verhalten f\u00fchren.<\/p>\n","protected":false},"author":1,"featured_media":0,"parent":0,"menu_order":0,"comment_status":"closed","ping_status":"closed","template":"","meta":{"_kad_post_transparent":"","_kad_post_title":"","_kad_post_layout":"","_kad_post_sidebar_id":"","_kad_post_content_style":"","_kad_post_vertical_padding":"","_kad_post_feature":"","_kad_post_feature_position":"","_kad_post_header":false,"_kad_post_footer":false,"footnotes":""},"_links":{"self":[{"href":"https:\/\/wieso.ist\/index.php\/wp-json\/wp\/v2\/pages\/103"}],"collection":[{"href":"https:\/\/wieso.ist\/index.php\/wp-json\/wp\/v2\/pages"}],"about":[{"href":"https:\/\/wieso.ist\/index.php\/wp-json\/wp\/v2\/types\/page"}],"author":[{"embeddable":true,"href":"https:\/\/wieso.ist\/index.php\/wp-json\/wp\/v2\/users\/1"}],"replies":[{"embeddable":true,"href":"https:\/\/wieso.ist\/index.php\/wp-json\/wp\/v2\/comments?post=103"}],"version-history":[{"count":28,"href":"https:\/\/wieso.ist\/index.php\/wp-json\/wp\/v2\/pages\/103\/revisions"}],"predecessor-version":[{"id":155,"href":"https:\/\/wieso.ist\/index.php\/wp-json\/wp\/v2\/pages\/103\/revisions\/155"}],"wp:attachment":[{"href":"https:\/\/wieso.ist\/index.php\/wp-json\/wp\/v2\/media?parent=103"}],"curies":[{"name":"wp","href":"https:\/\/api.w.org\/{rel}","templated":true}]}}